{"id":3405,"date":"2022-10-11T11:13:18","date_gmt":"2022-10-11T09:13:18","guid":{"rendered":"https:\/\/bianchi1902.it\/?page_id=3405"},"modified":"2022-10-14T11:24:41","modified_gmt":"2022-10-14T09:24:41","slug":"marketing-olfattivo","status":"publish","type":"page","link":"https:\/\/bianchi1902.it\/en\/marketing-olfattivo\/","title":{"rendered":"Marketing Olfattivo"},"content":{"rendered":"<p>[vc_row full_width=&#8221;stretch_row_content_no_spaces&#8221; desctop_mb=&#8221;margin-lg-80b&#8221; tablets_mb=&#8221;margin-sm-60b&#8221; mobile_mb=&#8221;margin-xs-40b&#8221;][vc_column][vc_banner_title color_style=&#8221;light&#8221; title=&#8221;MARKETING OLFATTIVO&#8221; img=&#8221;3413&#8243; enable_overlay=&#8221;true&#8221; columns=&#8221;%5B%7B%7D%5D&#8221;][\/vc_banner_title][\/vc_column][\/vc_row][vc_row content_placement=&#8221;middle&#8221; el_id=&#8221;page-cms-hos&#8221;][vc_column width=&#8221;1\/2&#8243;][vc_single_image image=&#8221;3380&#8243; img_size=&#8221;full&#8221;][\/vc_column][vc_column width=&#8221;1\/2&#8243;][vc_column_text css=&#8221;.vc_custom_1665481610418{margin-bottom: 40px !important;}&#8221;]<\/p>\n<p style=\"text-align: center;\">La storia insegna che i profumi sono sempre stati utilizzati nella comunicazione ambientale per la loro capacit\u00e0 di influenzare le emozioni e gli stati d\u2019animo delle persone che si trovino in uno store, in un ambiente di lavoro o che acquistano un prodotto per uso domestico.<\/p>\n<p style=\"text-align: center;\">Il marketing olfattivo o branding olfattivo \u00e8 una parte integrante del marketing sensoriale, che analizza ed utilizza la potenzialit\u00e0 dei profumi come mezzo di comunicazione sfruttando il sistema limbico, quindi la parte del cervello che gestisce le emozioni, in concomitanza al sistema olfattivo.<\/p>\n<p style=\"text-align: center;\">Il profumo evoca, coinvolge, seduce pi\u00f9 di immagini e parole, perch\u00e9 parla il linguaggio delle emozioni ed \u00e8 proprio grazie alla creazione di essenze studiate secondo le connotazioni, la brand identity e la brand positioning che la vostra identit\u00e0 si imprime nel cliente e\/o nei prodotti che siano essi destinati alla vendita o al merchandising.<\/p>\n<p>[\/vc_column_text][\/vc_column][\/vc_row][vc_row content_placement=&#8221;middle&#8221;][vc_column width=&#8221;1\/2&#8243;][vc_column_text css=&#8221;.vc_custom_1665481601391{margin-top: 40px !important;}&#8221;]<\/p>\n<p style=\"text-align: center;\">Ci avvaliamo delle pi\u00f9 importanti aziende ed agenzie di marketing olfattivo, grazie alle quali \u00e8 possibile sancire un percorso secondo le diverse necessit\u00e0 del cliente che avviene mediante:<\/p>\n<p style=\"text-align: center;\">&#8211; Brief:\u2028La costruzione del brief \u00e8 il primo passo essenziale. Consiste nell\u2019analisi dell&#8217;identit\u00e0 del marchio e della strategia del marchio a medio\/lungo termine (storia, patrimonio, valori, missione, visione, mercato, prodotto, target, posizionamento);<\/p>\n<p style=\"text-align: center;\">&#8211; Ricerca:\u2028Si raccolgono e analizzano lo stile, il linguaggio, i valori, il target consumatori, l\u2019area geografica ed il profilo socio-demografico del brand.<\/p>\n<p style=\"text-align: center;\">&#8211; Sviluppo:\u2028Sulla base della profonda esperienza e competenza nel mondo delle fragranze, maturata da anni di formazione e studi, vengono sviluppati dei campioni di essenze ottenuti grazie ad una minuziosa formulazione con tecniche estrattive all\u2019avanguardia e nuovi processi sostenibili.<\/p>\n<p style=\"text-align: center;\">&#8211; Test: Testare la fragranza \u00e8 la parte pi\u00f9 importante e fondamentale per valutare se il campione sviluppato reagisce come lo si desidera ed in particolare se \u00e8 coerente sin da subito con il brand. Valutazione, analisi, statistiche ed interviste confermano se la scent id \u00e8 corretta portando cos\u00ec a completamento il progetto o se necessit\u00e0 di variazione richiedendo un rework.<\/p>\n<p>[\/vc_column_text][\/vc_column][vc_column width=&#8221;1\/2&#8243;][vc_single_image image=&#8221;3381&#8243; img_size=&#8221;full&#8221;][\/vc_column][\/vc_row][vc_row][vc_column][vc_empty_space height=&#8221;40px&#8221;][\/vc_column][\/vc_row]<\/p>\n","protected":false},"excerpt":{"rendered":"<p>[vc_row full_width=&#8221;stretch_row_content_no_spaces&#8221; desctop_mb=&#8221;margin-lg-80b&#8221; tablets_mb=&#8221;margin-sm-60b&#8221; mobile_mb=&#8221;margin-xs-40b&#8221;][vc_column][vc_banner_title color_style=&#8221;light&#8221; title=&#8221;MARKETING OLFATTIVO&#8221; img=&#8221;3413&#8243; enable_overlay=&#8221;true&#8221; columns=&#8221;%5B%7B%7D%5D&#8221;][\/vc_banner_title][\/vc_column][\/vc_row][vc_row content_placement=&#8221;middle&#8221; el_id=&#8221;page-cms-hos&#8221;][vc_column width=&#8221;1\/2&#8243;][vc_single_image image=&#8221;3380&#8243; img_size=&#8221;full&#8221;][\/vc_column][vc_column width=&#8221;1\/2&#8243;][vc_column_text css=&#8221;.vc_custom_1665481610418{margin-bottom: 40px !important;}&#8221;]<\/p>\n","protected":false},"author":1,"featured_media":0,"parent":0,"menu_order":0,"comment_status":"closed","ping_status":"closed","template":"","meta":{"footnotes":""},"class_list":["post-3405","page","type-page","status-publish","hentry"],"aioseo_notices":[],"featured_image_src":null,"featured_image_src_square":null,"_links":{"self":[{"href":"https:\/\/bianchi1902.it\/en\/wp-json\/wp\/v2\/pages\/3405","targetHints":{"allow":["GET"]}}],"collection":[{"href":"https:\/\/bianchi1902.it\/en\/wp-json\/wp\/v2\/pages"}],"about":[{"href":"https:\/\/bianchi1902.it\/en\/wp-json\/wp\/v2\/types\/page"}],"author":[{"embeddable":true,"href":"https:\/\/bianchi1902.it\/en\/wp-json\/wp\/v2\/users\/1"}],"replies":[{"embeddable":true,"href":"https:\/\/bianchi1902.it\/en\/wp-json\/wp\/v2\/comments?post=3405"}],"version-history":[{"count":6,"href":"https:\/\/bianchi1902.it\/en\/wp-json\/wp\/v2\/pages\/3405\/revisions"}],"predecessor-version":[{"id":3444,"href":"https:\/\/bianchi1902.it\/en\/wp-json\/wp\/v2\/pages\/3405\/revisions\/3444"}],"wp:attachment":[{"href":"https:\/\/bianchi1902.it\/en\/wp-json\/wp\/v2\/media?parent=3405"}],"curies":[{"name":"wp","href":"https:\/\/api.w.org\/{rel}","templated":true}]}}